{"id":25,"date":"2025-09-05T22:20:43","date_gmt":"2025-09-05T22:20:43","guid":{"rendered":"http:\/\/www.mnkmultiservicesgroup.com\/?page_id=25"},"modified":"2025-09-08T22:13:22","modified_gmt":"2025-09-08T22:13:22","slug":"nos-services","status":"publish","type":"page","link":"https:\/\/www.mnkmultiservicesgroup.com\/index.php\/nos-services\/","title":{"rendered":"Nos Services"},"content":{"rendered":"\t\t<div data-elementor-type=\"wp-page\" data-elementor-id=\"25\" class=\"elementor elementor-25\">\n\t\t\t\t<div class=\"elementor-element elementor-element-b1d7b36 e-flex e-con-boxed e-con e-parent\" data-id=\"b1d7b36\" data-element_type=\"container\">\n\t\t\t\t\t<div class=\"e-con-inner\">\n\t\t\t\t\t\t\t<h2 class=\"e-fab44c8-b68ff4e e-heading-base\"  >\n\t\t\tVotre partenaire pour un avenir prosp\u00e8re et innovant !\n\t\t<\/h2>\n\t\t\t\t\t\t\t\t<p class=\"e-9ab118b-f35a582 e-paragraph-base\"  >\n\t\t\t\t\t\t\t\t\t\tChez MNK-MultiServices Group, nous mettons l\u2019innovation au service de vos ambitions !\nQue ce soit pour des transactions ultra-rapides, des voyages de r\u00eave, une visibilit\u00e9 optimale, des solutions informatiques solides ou des \u00e9v\u00e9nements inoubliables, nous sommes l\u00e0 pour vous accompagner.\nNous d\u00e9veloppons des activit\u00e9s qui cr\u00e9ent de la valeur et un impact social et \u00e9conomique r\u00e9el. Bas\u00e9s \u00e0 Cocody, Abidjan, nous sommes votre partenaire de confiance pour un avenir prosp\u00e8re et couronn\u00e9 de succ\u00e8s.\n\t\t\t\t\t\t<\/p>\n\t\t\t\t\t\t\t<h2 class=\"e-926029d-db8bd3b e-heading-base\"  >\n\t\t\t\u2728 Pr\u00eats \u00e0 d\u00e9coller avec nous ?\n\t\t<\/h2>\n\t\t\t\t\t<\/div>\n\t\t\t\t<\/div>\n\t\t<div class=\"elementor-element elementor-element-61be46d e-flex e-con-boxed e-con e-parent\" data-id=\"61be46d\" data-element_type=\"container\">\n\t\t\t\t\t<div class=\"e-con-inner\">\n\t\t<div class=\"elementor-element elementor-element-47e556e e-con-full e-flex e-con e-child\" data-id=\"47e556e\" data-element_type=\"container\">\n\t\t\t\t\t\t\t\n\t\t<img class=\"e-image-base e-4ae0552-8006f9a\"  \n\t\t\t\t\t\t\t\t\tsrc=\"https:\/\/www.mnkmultiservicesgroup.com\/wp-content\/uploads\/2025\/09\/coins-948603_1280.jpg\"\n\t\t\t\t\t\t\t\t\t\t\t\twidth=\"1280\"\n\t\t\t\t\t\t\t\t\t\t\t\theight=\"853\"\n\t\t\t\t\t\t\t\t\t\t\t\tsrcset=\"https:\/\/www.mnkmultiservicesgroup.com\/wp-content\/uploads\/2025\/09\/coins-948603_1280.jpg 1280w, https:\/\/www.mnkmultiservicesgroup.com\/wp-content\/uploads\/2025\/09\/coins-948603_1280-300x200.jpg 300w, https:\/\/www.mnkmultiservicesgroup.com\/wp-content\/uploads\/2025\/09\/coins-948603_1280-1024x682.jpg 1024w, https:\/\/www.mnkmultiservicesgroup.com\/wp-content\/uploads\/2025\/09\/coins-948603_1280-768x512.jpg 768w\"\n\t\t\t\t\t\t\t\t\t\t\t\talt=\"\"\n\t\t\t\t\t\t\/>\n\t\t\t\t\t<\/div>\n\t\t<div class=\"elementor-element elementor-element-911afbf e-con-full e-flex e-con e-child\" data-id=\"911afbf\" data-element_type=\"container\">\n\t\t\t\t\t\t\t\n\t\t<img class=\"e-image-base e-74f0b75-9a090c9\"  \n\t\t\t\t\t\t\t\t\tsrc=\"https:\/\/www.mnkmultiservicesgroup.com\/wp-content\/uploads\/2025\/09\/concept-voyage-avion-passeport-compagnie-aerienne-billets-embarquement-bagages-rendu-3d_808337-7873.avif\"\n\t\t\t\t\t\t\t\t\t\t\t\twidth=\"626\"\n\t\t\t\t\t\t\t\t\t\t\t\theight=\"626\"\n\t\t\t\t\t\t\t\t\t\t\t\tsrcset=\"\"\n\t\t\t\t\t\t\t\t\t\t\t\talt=\"\"\n\t\t\t\t\t\t\/>\n\t\t\t\t\t<\/div>\n\t\t<div class=\"elementor-element elementor-element-eeb9ea2 e-con-full e-flex e-con e-child\" data-id=\"eeb9ea2\" data-element_type=\"container\">\n\t\t\t\t\t\t\t\n\t\t<img class=\"e-image-base e-077d874-29c9160\"  \n\t\t\t\t\t\t\t\t\tsrc=\"https:\/\/www.mnkmultiservicesgroup.com\/wp-content\/uploads\/2025\/09\/sddefault.jpg\"\n\t\t\t\t\t\t\t\t\t\t\t\twidth=\"640\"\n\t\t\t\t\t\t\t\t\t\t\t\theight=\"480\"\n\t\t\t\t\t\t\t\t\t\t\t\tsrcset=\"https:\/\/www.mnkmultiservicesgroup.com\/wp-content\/uploads\/2025\/09\/sddefault.jpg 640w, https:\/\/www.mnkmultiservicesgroup.com\/wp-content\/uploads\/2025\/09\/sddefault-300x225.jpg 300w\"\n\t\t\t\t\t\t\t\t\t\t\t\talt=\"\"\n\t\t\t\t\t\t\/>\n\t\t\t\t\t<\/div>\n\t\t<div class=\"elementor-element elementor-element-04586d5 e-con-full e-flex e-con e-child\" data-id=\"04586d5\" data-element_type=\"container\">\n\t\t\t\t\t\t\t<h2 class=\"e-659ec13-3fa66c9 e-heading-base\"  >\n\t\t\t\ud83d\udcb8 Services Mon\u00e9taires\nAvec MNK-MultiServices Group, envoyez et recevez de l\u2019argent rapidement, simplement et en toute s\u00e9curit\u00e9.\nNotre application web intuitive vous permet de suivre vos transactions en temps r\u00e9el, o\u00f9 que vous soyez.\nMNK : l\u2019intelligence mon\u00e9taire qui rapproche les c\u0153urs.\n\t\t<\/h2>\n\t\t\t\t<\/div>\n\t\t<div class=\"elementor-element elementor-element-f59ba34 e-con-full e-flex e-con e-child\" data-id=\"f59ba34\" data-element_type=\"container\">\n\t\t\t\t\t\t\t<h2 class=\"e-0f4b5bf-aa3e4b2 e-heading-base\"  >\n\t\t\t\u2708\ufe0f Services Voyage\nAvec MNK-MultiServices Group, transformez vos d\u00e9placements en exp\u00e9riences inoubliables.\nBilletterie, r\u00e9servations et accompagnement sur-mesure pour un voyage facile, s\u00fbr et agr\u00e9able.\nMNK : votre partenaire pour des voyages r\u00e9ussis.\n\t\t<\/h2>\n\t\t\t\t<\/div>\n\t\t<div class=\"elementor-element elementor-element-8720ca8 e-con-full e-flex e-con e-child\" data-id=\"8720ca8\" data-element_type=\"container\">\n\t\t\t\t\t\t\t<h2 class=\"e-a2a3772-9a271ec e-heading-base\"  >\n\t\t\t\ud83d\udcb8 Transfert d\u2019Argent\nAvec MNK-MultiServices Group, envoyez et recevez de l\u2019argent rapidement, facilement et en toute s\u00e9curit\u00e9.\nSuivez vos transactions en temps r\u00e9el via notre application web intuitive.\nMNK : l\u2019intelligence mon\u00e9taire qui rapproche les c\u0153urs.\n\t\t<\/h2>\n\t\t\t\t<\/div>\n\t\t\t\t\t<\/div>\n\t\t\t\t<\/div>\n\t\t<div class=\"elementor-element elementor-element-d2f1252 e-flex e-con-boxed e-con e-parent\" data-id=\"d2f1252\" data-element_type=\"container\">\n\t\t\t\t\t<div class=\"e-con-inner\">\n\t\t<div class=\"elementor-element elementor-element-bbd25bd e-con-full e-flex e-con e-child\" data-id=\"bbd25bd\" data-element_type=\"container\">\n\t\t\t\t\t\t\t\n\t\t<img class=\"e-image-base e-7203953-e6d93fe\"  \n\t\t\t\t\t\t\t\t\tsrc=\"https:\/\/www.mnkmultiservicesgroup.com\/wp-content\/uploads\/2025\/09\/istockphoto-928166840-612x612-2.jpg\"\n\t\t\t\t\t\t\t\t\t\t\t\twidth=\"612\"\n\t\t\t\t\t\t\t\t\t\t\t\theight=\"408\"\n\t\t\t\t\t\t\t\t\t\t\t\tsrcset=\"https:\/\/www.mnkmultiservicesgroup.com\/wp-content\/uploads\/2025\/09\/istockphoto-928166840-612x612-2.jpg 612w, https:\/\/www.mnkmultiservicesgroup.com\/wp-content\/uploads\/2025\/09\/istockphoto-928166840-612x612-2-300x200.jpg 300w\"\n\t\t\t\t\t\t\t\t\t\t\t\talt=\"\"\n\t\t\t\t\t\t\/>\n\t\t\t\t\t<\/div>\n\t\t<div class=\"elementor-element elementor-element-d42f0aa e-con-full e-flex e-con e-child\" data-id=\"d42f0aa\" data-element_type=\"container\">\n\t\t\t\t\t\t\t\n\t\t<img class=\"e-image-base e-02e9576-2b19a35\"  \n\t\t\t\t\t\t\t\t\tsrc=\"https:\/\/www.mnkmultiservicesgroup.com\/wp-content\/uploads\/2025\/09\/istockphoto-2166193783-612x612-2.jpg\"\n\t\t\t\t\t\t\t\t\t\t\t\twidth=\"612\"\n\t\t\t\t\t\t\t\t\t\t\t\theight=\"344\"\n\t\t\t\t\t\t\t\t\t\t\t\tsrcset=\"https:\/\/www.mnkmultiservicesgroup.com\/wp-content\/uploads\/2025\/09\/istockphoto-2166193783-612x612-2.jpg 612w, https:\/\/www.mnkmultiservicesgroup.com\/wp-content\/uploads\/2025\/09\/istockphoto-2166193783-612x612-2-300x169.jpg 300w\"\n\t\t\t\t\t\t\t\t\t\t\t\talt=\"\"\n\t\t\t\t\t\t\/>\n\t\t\t\t\t<\/div>\n\t\t<div class=\"elementor-element elementor-element-4cd1c81 e-con-full e-flex e-con e-child\" data-id=\"4cd1c81\" data-element_type=\"container\">\n\t\t\t\t\t\t\t\n\t\t<img class=\"e-image-base e-f43bf3a-9212aa9\"  \n\t\t\t\t\t\t\t\t\tsrc=\"https:\/\/www.mnkmultiservicesgroup.com\/wp-content\/uploads\/2025\/09\/istockphoto-1349104991-612x612-2.jpg\"\n\t\t\t\t\t\t\t\t\t\t\t\twidth=\"612\"\n\t\t\t\t\t\t\t\t\t\t\t\theight=\"408\"\n\t\t\t\t\t\t\t\t\t\t\t\tsrcset=\"https:\/\/www.mnkmultiservicesgroup.com\/wp-content\/uploads\/2025\/09\/istockphoto-1349104991-612x612-2.jpg 612w, https:\/\/www.mnkmultiservicesgroup.com\/wp-content\/uploads\/2025\/09\/istockphoto-1349104991-612x612-2-300x200.jpg 300w\"\n\t\t\t\t\t\t\t\t\t\t\t\talt=\"\"\n\t\t\t\t\t\t\/>\n\t\t\t\t\t<\/div>\n\t\t<div class=\"elementor-element elementor-element-8f1c27a e-con-full e-flex e-con e-child\" data-id=\"8f1c27a\" data-element_type=\"container\">\n\t\t\t\t\t\t\t<h2 class=\"e-4a3aeb4-6129c9c e-heading-base\"  >\n\t\t\t\ud83d\udcbb Services Informatique\nAvec MNK-MultiServices Group, b\u00e9n\u00e9ficiez de solutions innovantes et fiables : d\u00e9veloppement web, maintenance, cybers\u00e9curit\u00e9 et automatisation.\nMNK : la technologie au service de votre succ\u00e8s.\n\t\t<\/h2>\n\t\t\t\t<\/div>\n\t\t<div class=\"elementor-element elementor-element-0a6742d e-con-full e-flex e-con e-child\" data-id=\"0a6742d\" data-element_type=\"container\">\n\t\t\t\t\t\t\t<h2 class=\"e-7ada096-ed75cdc e-heading-base\"  >\n\t\t\t\ud83d\udcca Data &amp; Visualisation\nAvec MNK-MultiServices Group, transformez vos donn\u00e9es en d\u00e9cisions \u00e9clair\u00e9es gr\u00e2ce \u00e0 Power BI, Tableau et l\u2019analyse de donn\u00e9es.\nMNK : vos donn\u00e9es, notre expertise, votre succ\u00e8s.\n\t\t<\/h2>\n\t\t\t\t<\/div>\n\t\t<div class=\"elementor-element elementor-element-02ac588 e-con-full e-flex e-con e-child\" data-id=\"02ac588\" data-element_type=\"container\">\n\t\t\t\t\t\t\t<h2 class=\"e-37e8546-f95852a e-heading-base\"  >\n\t\t\t\ud83e\udd16 Digital, IA &amp; Algorithmes\nAvec MNK-MultiServices Group, optimisez vos processus et prenez des d\u00e9cisions intelligentes gr\u00e2ce \u00e0 l\u2019IA et des solutions digitales sur mesure.\nMNK : la technologie au service de vos ambitions.\n\t\t<\/h2>\n\t\t\t\t<\/div>\n\t\t\t\t\t<\/div>\n\t\t\t\t<\/div>\n\t\t<div class=\"elementor-element elementor-element-eb16de8 e-flex e-con-boxed e-con e-parent\" data-id=\"eb16de8\" data-element_type=\"container\">\n\t\t\t\t\t<div class=\"e-con-inner\">\n\t\t<div class=\"elementor-element elementor-element-7de4aaf e-con-full e-flex e-con e-child\" data-id=\"7de4aaf\" data-element_type=\"container\">\n\t\t\t\t\t\t\t\n\t\t<img class=\"e-image-base e-dca630c-b9f116c\"  \n\t\t\t\t\t\t\t\t\tsrc=\"https:\/\/www.mnkmultiservicesgroup.com\/wp-content\/uploads\/2025\/09\/rendering-3d-d-une-maison-isometrique-scaled.jpg\"\n\t\t\t\t\t\t\t\t\t\t\t\twidth=\"2560\"\n\t\t\t\t\t\t\t\t\t\t\t\theight=\"2560\"\n\t\t\t\t\t\t\t\t\t\t\t\tsrcset=\"https:\/\/www.mnkmultiservicesgroup.com\/wp-content\/uploads\/2025\/09\/rendering-3d-d-une-maison-isometrique-scaled.jpg 2560w, https:\/\/www.mnkmultiservicesgroup.com\/wp-content\/uploads\/2025\/09\/rendering-3d-d-une-maison-isometrique-300x300.jpg 300w, https:\/\/www.mnkmultiservicesgroup.com\/wp-content\/uploads\/2025\/09\/rendering-3d-d-une-maison-isometrique-1024x1024.jpg 1024w, https:\/\/www.mnkmultiservicesgroup.com\/wp-content\/uploads\/2025\/09\/rendering-3d-d-une-maison-isometrique-150x150.jpg 150w, https:\/\/www.mnkmultiservicesgroup.com\/wp-content\/uploads\/2025\/09\/rendering-3d-d-une-maison-isometrique-768x768.jpg 768w, https:\/\/www.mnkmultiservicesgroup.com\/wp-content\/uploads\/2025\/09\/rendering-3d-d-une-maison-isometrique-1536x1536.jpg 1536w, https:\/\/www.mnkmultiservicesgroup.com\/wp-content\/uploads\/2025\/09\/rendering-3d-d-une-maison-isometrique-2048x2048.jpg 2048w\"\n\t\t\t\t\t\t\t\t\t\t\t\talt=\"\"\n\t\t\t\t\t\t\/>\n\t\t\t\t\t<\/div>\n\t\t\t\t\t\t\t\t<p class=\"e-7094e58-9383e3c e-paragraph-base\"  >\n\t\t\t\t\t\t\t\t\t\t\ud83c\udfe0 Services Immobilier\nAvec MNK-MultiServices Group, r\u00e9alisez vos projets immobiliers en toute s\u00e9curit\u00e9 et s\u00e9r\u00e9nit\u00e9 : achat, vente, location ou gestion de biens.\nMNK : votre partenaire de confiance pour un immobilier r\u00e9ussi.\n\t\t\t\t\t\t<\/p>\n\t\t\t\t\t<\/div>\n\t\t\t\t<\/div>\n\t\t\t\t<\/div>\n\t\t","protected":false},"excerpt":{"rendered":"<p>Votre partenaire pour un avenir prosp\u00e8re et innovant ! Chez MNK-MultiServices Group, nous mettons l\u2019innovation au service de vos ambitions ! Que ce soit pour des transactions ultra-rapides, des voyages de r\u00eave, une visibilit\u00e9 optimale, des solutions informatiques solides ou des \u00e9v\u00e9nements inoubliables, nous sommes l\u00e0 pour vous accompagner. Nous d\u00e9veloppons des activit\u00e9s qui cr\u00e9ent<\/p>\n<div class=\"more-link\">\n             <a href=\"https:\/\/www.mnkmultiservicesgroup.com\/index.php\/nos-services\/\" class=\"link-btn\"><span>Continue Reading <\/span><i class=\"icofont-thin-double-right\"><\/i><\/a>\n        <\/div>\n","protected":false},"author":1,"featured_media":0,"parent":0,"menu_order":0,"comment_status":"closed","ping_status":"closed","template":"","meta":{"footnotes":""},"class_list":["post-25","page","type-page","status-publish","hentry"],"_links":{"self":[{"href":"https:\/\/www.mnkmultiservicesgroup.com\/index.php\/wp-json\/wp\/v2\/pages\/25","targetHints":{"allow":["GET"]}}],"collection":[{"href":"https:\/\/www.mnkmultiservicesgroup.com\/index.php\/wp-json\/wp\/v2\/pages"}],"about":[{"href":"https:\/\/www.mnkmultiservicesgroup.com\/index.php\/wp-json\/wp\/v2\/types\/page"}],"author":[{"embeddable":true,"href":"https:\/\/www.mnkmultiservicesgroup.com\/index.php\/wp-json\/wp\/v2\/users\/1"}],"replies":[{"embeddable":true,"href":"https:\/\/www.mnkmultiservicesgroup.com\/index.php\/wp-json\/wp\/v2\/comments?post=25"}],"version-history":[{"count":31,"href":"https:\/\/www.mnkmultiservicesgroup.com\/index.php\/wp-json\/wp\/v2\/pages\/25\/revisions"}],"predecessor-version":[{"id":358,"href":"https:\/\/www.mnkmultiservicesgroup.com\/index.php\/wp-json\/wp\/v2\/pages\/25\/revisions\/358"}],"wp:attachment":[{"href":"https:\/\/www.mnkmultiservicesgroup.com\/index.php\/wp-json\/wp\/v2\/media?parent=25"}],"curies":[{"name":"wp","href":"https:\/\/api.w.org\/{rel}","templated":true}]}}