{"id":27,"date":"2025-09-05T22:21:22","date_gmt":"2025-09-05T22:21:22","guid":{"rendered":"http:\/\/www.mnkmultiservicesgroup.com\/?page_id=27"},"modified":"2025-09-08T22:43:24","modified_gmt":"2025-09-08T22:43:24","slug":"a-propos","status":"publish","type":"page","link":"https:\/\/www.mnkmultiservicesgroup.com\/index.php\/a-propos\/","title":{"rendered":"\u00c0 Propos"},"content":{"rendered":"\t\t<div data-elementor-type=\"wp-page\" data-elementor-id=\"27\" class=\"elementor elementor-27\">\n\t\t\t\t<div class=\"elementor-element elementor-element-6324d97 e-flex e-con-boxed e-con e-parent\" data-id=\"6324d97\" data-element_type=\"container\">\n\t\t\t\t\t<div class=\"e-con-inner\">\n\t\t<div class=\"elementor-element elementor-element-93335a5 e-con-full e-flex e-con e-child\" data-id=\"93335a5\" data-element_type=\"container\">\n\t\t\t\t\t\t\t<h2 class=\"e-b744273-86a6df9 e-heading-base\"  >\n\t\t\tMNK MultiServices Group: Votre Partenaire d&#039;Innovation !\n\t\t<\/h2>\n\t\t\t\t\t\t\t\t<p class=\"e-bd0b1e8-2640a81 e-paragraph-base\"  >\n\t\t\t\t\t\t\t\t\t\tChez MNK-MultiServices Group, on met l&#039;innovation au service de vos ambitions! Que ce soit pour des transactions ultra-rapides, des voyages de r\u00eave, une visibilit\u00e9 au top, des solutions informatiques b\u00e9ton ou des \u00e9v\u00e9nements inoubliables, on est l\u00e0 pour vous. On d\u00e9veloppe des activit\u00e9s qui g\u00e9n\u00e8rent de la valeur et un vrai impact social et \u00e9conomique. Bas\u00e9s \u00e0 Cocody, Abidjan, on est votre partenaire de confiance pour un avenir prosp\u00e8re et plein de succ\u00e8s. Pr\u00eats \u00e0 d\u00e9coller avec nous ?\n\t\t\t\t\t\t<\/p>\n\t\t\t\t\t    \t            <button class=\"e-5fca949-62c7dee e-button-base\"  >\n            Explorer nos services\n        <\/button>\n    \t\t\t\t<\/div>\n\t\t\t\t\t<\/div>\n\t\t\t\t<\/div>\n\t\t<div class=\"elementor-element elementor-element-9207d03 e-flex e-con-boxed e-con e-parent\" data-id=\"9207d03\" data-element_type=\"container\">\n\t\t\t\t\t<div class=\"e-con-inner\">\n\t\t<div class=\"elementor-element elementor-element-6443109 e-con-full e-flex e-con e-child\" data-id=\"6443109\" data-element_type=\"container\">\n\t\t<div class=\"elementor-element elementor-element-b62ca62 e-con-full e-flex e-con e-child\" data-id=\"b62ca62\" data-element_type=\"container\" data-settings=\"{&quot;background_background&quot;:&quot;classic&quot;}\">\n\t\t<div class=\"elementor-element elementor-element-195a602 e-con-full e-flex e-con e-child\" data-id=\"195a602\" data-element_type=\"container\">\n\t\t<div class=\"elementor-element elementor-element-45c9dc9 e-con-full e-flex e-con e-child\" data-id=\"45c9dc9\" data-element_type=\"container\">\n\t\t\t\t\t\t\t<h2 class=\"e-398a663-3bbf290 e-heading-base\"  >\n\t\t\tDes solutions intelligentes pour un avenir sans limites\n\t\t<\/h2>\n\t\t\t\t\t\t\t<h2 class=\"e-c614e5c-0363f44 e-heading-base\"  >\n\t\t\tChez MNK-MultiServices Group, nous d\u00e9veloppons une v\u00e9ritable intelligence mon\u00e9taire : des plateformes modernes et s\u00e9curis\u00e9es qui facilitent vos transactions financi\u00e8res, vos \u00e9changes en ligne et votre communication digitale, le tout avec rapidit\u00e9 et fiabilit\u00e9.\nC\u2019est l\u2019incarnation de notre engagement : simplifier la vie de nos clients gr\u00e2ce \u00e0 la technologie et cr\u00e9er un impact social et \u00e9conomique durable.\n\t\t<\/h2>\n\t\t\t\t<\/div>\n\t\t\t\t<\/div>\n\t\t\t\t<div class=\"elementor-element elementor-element-11da828 elementor-widget elementor-widget-image\" data-id=\"11da828\" data-element_type=\"widget\" data-widget_type=\"image.default\">\n\t\t\t\t\t\t\t\t\t\t\t\t\t\t\t<img fetchpriority=\"high\" decoding=\"async\" width=\"612\" height=\"362\" src=\"https:\/\/www.mnkmultiservicesgroup.com\/wp-content\/uploads\/2025\/09\/istockphoto-1413735503-612x612-1.jpg\" class=\"attachment-large size-large wp-image-134\" alt=\"\" srcset=\"https:\/\/www.mnkmultiservicesgroup.com\/wp-content\/uploads\/2025\/09\/istockphoto-1413735503-612x612-1.jpg 612w, https:\/\/www.mnkmultiservicesgroup.com\/wp-content\/uploads\/2025\/09\/istockphoto-1413735503-612x612-1-300x177.jpg 300w\" sizes=\"(max-width: 612px) 100vw, 612px\" \/>\t\t\t\t\t\t\t\t\t\t\t\t\t\t\t<\/div>\n\t\t\t\t<\/div>\n\t\t\t\t<\/div>\n\t\t\t\t\t<\/div>\n\t\t\t\t<\/div>\n\t\t<div class=\"elementor-element elementor-element-c2cfd37 e-flex e-con-boxed e-con e-parent\" data-id=\"c2cfd37\" data-element_type=\"container\">\n\t\t\t\t\t<div class=\"e-con-inner\">\n\t\t<div class=\"elementor-element elementor-element-7880da3 e-con-full e-flex e-con e-child\" data-id=\"7880da3\" data-element_type=\"container\">\n\t\t<div class=\"elementor-element elementor-element-c0b5460 e-con-full e-flex e-con e-child\" data-id=\"c0b5460\" data-element_type=\"container\">\n\t\t<div class=\"elementor-element elementor-element-a704f0c e-con-full e-flex e-con e-child\" data-id=\"a704f0c\" data-element_type=\"container\">\n\t\t\t\t\t\t\t<h2 class=\"e-e3c6e09-e90d839 e-heading-base\"  >\n\t\t\tL\u2019intelligence au service de vos transactions\n\t\t<\/h2>\n\t\t\t\t\t\t\t<h2 class=\"e-a6a5589-e9d8ccb e-heading-base\"  >\n\t\t\tChez MNK-MultiServices Group, nous transformons vos id\u00e9es en solutions digitales innovantes : transferts d\u2019argent rapides, applications web intelligentes et services qui cr\u00e9ent de la valeur.\n\t\t<\/h2>\n\t\t\t\t<\/div>\n\t\t<div class=\"elementor-element elementor-element-50a41ec e-con-full e-flex e-con e-child\" data-id=\"50a41ec\" data-element_type=\"container\">\n\t\t\t\t\t\t\t\n\t\t<img class=\"e-image-base \"  \n\t\t\t\t\t\t\t\t\tsrc=\"https:\/\/www.mnkmultiservicesgroup.com\/wp-content\/uploads\/2025\/09\/istockphoto-1016779444-612x612-1.jpg\"\n\t\t\t\t\t\t\t\t\t\t\t\twidth=\"612\"\n\t\t\t\t\t\t\t\t\t\t\t\theight=\"408\"\n\t\t\t\t\t\t\t\t\t\t\t\tsrcset=\"https:\/\/www.mnkmultiservicesgroup.com\/wp-content\/uploads\/2025\/09\/istockphoto-1016779444-612x612-1.jpg 612w, https:\/\/www.mnkmultiservicesgroup.com\/wp-content\/uploads\/2025\/09\/istockphoto-1016779444-612x612-1-300x200.jpg 300w\"\n\t\t\t\t\t\t\t\t\t\t\t\talt=\"\"\n\t\t\t\t\t\t\/>\n\t\t\t\t\t<\/div>\n\t\t\t\t<\/div>\n\t\t\t\t<\/div>\n\t\t\t\t\t<\/div>\n\t\t\t\t<\/div>\n\t\t<div class=\"elementor-element elementor-element-a83e197 e-flex e-con-boxed e-con e-parent\" data-id=\"a83e197\" data-element_type=\"container\">\n\t\t\t\t\t<div class=\"e-con-inner\">\n\t\t<div class=\"elementor-element elementor-element-9724117 e-con-full e-flex e-con e-child\" data-id=\"9724117\" data-element_type=\"container\">\n\t\t<div class=\"elementor-element elementor-element-eccc83d e-con-full e-flex e-con e-child\" data-id=\"eccc83d\" data-element_type=\"container\" data-settings=\"{&quot;background_background&quot;:&quot;classic&quot;}\">\n\t\t<div class=\"elementor-element elementor-element-945b0a2 e-con-full e-flex e-con e-child\" data-id=\"945b0a2\" data-element_type=\"container\">\n\t\t\t\t\t\t\t<h2 class=\"e-39a6f6f-0629aaa e-heading-base\"  >\n\t\t\t\ud83d\udcb8 L\u2019intelligence mon\u00e9taire au service du partage\n\t\t<\/h2>\n\t\t\t\t\t\t\t<h2 class=\"e-e4e5293-51c3e44 e-heading-base\"  >\n\t\t\tChez MNK MULTISERVICES GROUP, nous croyons en une finance simple, accessible et humaine.\nComme l\u2019alloco qui r\u00e9unit les familles, nos solutions de transfert d\u2019argent rapprochent les communaut\u00e9s partout dans le monde.\nRapide \u2013 vos envois arrivent instantan\u00e9ment.\nS\u00e9curis\u00e9 \u2013 chaque transaction est prot\u00e9g\u00e9e.\nSimple \u2013 une interface intuitive pour tous\nMNK MULTISERVICES GROUP : rapprocher les c\u0153urs, faciliter la vie.\n\t\t<\/h2>\n\t\t\t\t<\/div>\n\t\t<div class=\"elementor-element elementor-element-2925e42 e-con-full e-flex e-con e-child\" data-id=\"2925e42\" data-element_type=\"container\">\n\t\t\t\t\t\t\t\n\t\t<img class=\"e-image-base \"  \n\t\t\t\t\t\t\t\t\tsrc=\"https:\/\/www.mnkmultiservicesgroup.com\/wp-content\/uploads\/2025\/09\/food-4203185_1280.jpg\"\n\t\t\t\t\t\t\t\t\t\t\t\twidth=\"1280\"\n\t\t\t\t\t\t\t\t\t\t\t\theight=\"853\"\n\t\t\t\t\t\t\t\t\t\t\t\tsrcset=\"https:\/\/www.mnkmultiservicesgroup.com\/wp-content\/uploads\/2025\/09\/food-4203185_1280.jpg 1280w, https:\/\/www.mnkmultiservicesgroup.com\/wp-content\/uploads\/2025\/09\/food-4203185_1280-300x200.jpg 300w, https:\/\/www.mnkmultiservicesgroup.com\/wp-content\/uploads\/2025\/09\/food-4203185_1280-1024x682.jpg 1024w, https:\/\/www.mnkmultiservicesgroup.com\/wp-content\/uploads\/2025\/09\/food-4203185_1280-768x512.jpg 768w\"\n\t\t\t\t\t\t\t\t\t\t\t\talt=\"\"\n\t\t\t\t\t\t\/>\n\t\t\t\t\t<\/div>\n\t\t\t\t<\/div>\n\t\t\t\t<\/div>\n\t\t\t\t\t<\/div>\n\t\t\t\t<\/div>\n\t\t<div class=\"elementor-element elementor-element-2be73db e-flex e-con-boxed e-con e-parent\" data-id=\"2be73db\" data-element_type=\"container\">\n\t\t\t\t\t<div class=\"e-con-inner\">\n\t\t<div class=\"elementor-element elementor-element-c025e1b e-con-full e-flex e-con e-child\" data-id=\"c025e1b\" data-element_type=\"container\">\n\t\t<div class=\"elementor-element elementor-element-bdb7cf3 e-con-full e-flex e-con e-child\" data-id=\"bdb7cf3\" data-element_type=\"container\">\n\t\t<div class=\"elementor-element elementor-element-665da90 e-con-full e-flex e-con e-child\" data-id=\"665da90\" data-element_type=\"container\">\n\t\t\t\t\t\t\t<h2 class=\"e-09c06cd-1df9226 e-heading-base\"  >\n\t\t\tMNK FOODIES - CONGO\n\t\t<\/h2>\n\t\t\t\t\t\t\t<h2 class=\"e-277383b-849a14c e-heading-base\"  >\n\t\t\t\ud83c\udf7d Mignardises, Canap\u00e9s &amp; Repas raffin\u00e9s\nD\u00e9couvrez nos Box personnalis\u00e9es, con\u00e7ues pour vos \u00e9v\u00e9nements ou moments gourmands. Go\u00fbt, \u00e9l\u00e9gance et convivialit\u00e9 dans chaque bouch\u00e9e ! Commandez d\u00e8s maintenant et r\u00e9galez-vous. \u2728.\ud83c\udf7d\n\t\t<\/h2>\n\t\t\t\t\t\t\t<h2 class=\"e-61740b9-85a6704 e-heading-base\"  >\n\t\t\tChez nous, chaque bouch\u00e9e est une exp\u00e9rience. Nous cr\u00e9ons des Box personnalis\u00e9es adapt\u00e9es \u00e0 vos envies, \u00e9v\u00e9nements ou r\u00e9ceptions, pour allier \u00e9l\u00e9gance, saveur et praticit\u00e9.\nQue ce soit pour un cocktail, un anniversaire, une r\u00e9union ou un moment gourmand en famille, nos mignardises et repas raffin\u00e9s apportent raffinement et convivialit\u00e9 \u00e0 votre table.\n\n\t\t<\/h2>\n\t\t\t\t<\/div>\n\t\t<div class=\"elementor-element elementor-element-153ec31 e-con-full e-flex e-con e-child\" data-id=\"153ec31\" data-element_type=\"container\">\n\t\t\t\t\t\t\t\n\t\t<img class=\"e-image-base \"  \n\t\t\t\t\t\t\t\t\tsrc=\"https:\/\/www.mnkmultiservicesgroup.com\/wp-content\/uploads\/2025\/09\/467742266_562166863282159_4498649825432511204_n.jpg\"\n\t\t\t\t\t\t\t\t\t\t\t\twidth=\"1080\"\n\t\t\t\t\t\t\t\t\t\t\t\theight=\"1080\"\n\t\t\t\t\t\t\t\t\t\t\t\tsrcset=\"https:\/\/www.mnkmultiservicesgroup.com\/wp-content\/uploads\/2025\/09\/467742266_562166863282159_4498649825432511204_n.jpg 1080w, https:\/\/www.mnkmultiservicesgroup.com\/wp-content\/uploads\/2025\/09\/467742266_562166863282159_4498649825432511204_n-300x300.jpg 300w, https:\/\/www.mnkmultiservicesgroup.com\/wp-content\/uploads\/2025\/09\/467742266_562166863282159_4498649825432511204_n-1024x1024.jpg 1024w, https:\/\/www.mnkmultiservicesgroup.com\/wp-content\/uploads\/2025\/09\/467742266_562166863282159_4498649825432511204_n-150x150.jpg 150w, https:\/\/www.mnkmultiservicesgroup.com\/wp-content\/uploads\/2025\/09\/467742266_562166863282159_4498649825432511204_n-768x768.jpg 768w\"\n\t\t\t\t\t\t\t\t\t\t\t\talt=\"\"\n\t\t\t\t\t\t\/>\n\t\t\t\t\t<\/div>\n\t\t\t\t<\/div>\n\t\t\t\t<\/div>\n\t\t\t\t\t<\/div>\n\t\t\t\t<\/div>\n\t\t<div class=\"elementor-element elementor-element-7675d70 e-con-full e-flex e-con e-parent\" data-id=\"7675d70\" data-element_type=\"container\">\n\t\t<div class=\"elementor-element elementor-element-e4a32a3 e-con-full e-flex e-con e-child\" data-id=\"e4a32a3\" data-element_type=\"container\">\n\t\t<div class=\"elementor-element elementor-element-8d613b7 e-con-full e-flex e-con e-child\" data-id=\"8d613b7\" data-element_type=\"container\">\n\t\t<div class=\"elementor-element elementor-element-619d622 e-con-full e-flex e-con e-child\" data-id=\"619d622\" data-element_type=\"container\">\n\t\t\t\t\t\t\t\t<p class=\"e-874661a-2c53553 e-paragraph-base\"  >\n\t\t\t\t\t\t\t\t\t\t\u2728 Commandez d\u00e8s maintenant et laissez-vous surprendre par des saveurs d\u00e9licates et des pr\u00e9sentations soign\u00e9es qui font toute la diff\u00e9rence.\n\t\t\t\t\t\t<\/p>\n\t\t\t\t<\/div>\n\t\t\t\t<\/div>\n\t\t\t\t<\/div>\n\t\t\t\t<\/div>\n\t\t<div class=\"elementor-element elementor-element-9d941aa e-flex e-con-boxed e-con e-parent\" data-id=\"9d941aa\" data-element_type=\"container\">\n\t\t\t\t\t<div class=\"e-con-inner\">\n\t\t<div class=\"elementor-element elementor-element-1d61b85 e-con-full e-flex e-con e-child\" data-id=\"1d61b85\" data-element_type=\"container\">\n\t\t\t\t\t\t\t<h2 class=\"e-3fce13c-d551451 e-heading-base\"  >\n\t\t\tOn est l\u00e0 pour vous !\n\t\t<\/h2>\n\t\t\t\t<\/div>\n\t\t\t\t\t<\/div>\n\t\t\t\t<\/div>\n\t\t<div class=\"elementor-element elementor-element-d8cfb55 e-flex e-con-boxed e-con e-parent\" data-id=\"d8cfb55\" data-element_type=\"container\">\n\t\t\t\t\t<div class=\"e-con-inner\">\n\t\t<div class=\"elementor-element elementor-element-e28b419 e-con-full e-flex e-con e-child\" data-id=\"e28b419\" data-element_type=\"container\">\n\t\t<div class=\"elementor-element elementor-element-3edec32 e-con-full e-flex e-con e-child\" data-id=\"3edec32\" data-element_type=\"container\">\n\t\t\t\t\t\t\t<h2 class=\"e-280d2d7-3dea082 e-heading-base\"  >\n\t\t\tAppelez-nous\n\t\t<\/h2>\n\t\t\t\t<\/div>\n\t\t<div class=\"elementor-element elementor-element-ec5499c e-con-full e-flex e-con e-child\" data-id=\"ec5499c\" data-element_type=\"container\">\n\t\t\t\t\t\t\t<h2 class=\"e-e332aea-dbfc6b5 e-heading-base\"  >\n\t\t\tEnvoyez-nous un Email\n\t\t<\/h2>\n\t\t\t\t<\/div>\n\t\t<div class=\"elementor-element elementor-element-de4702c e-con-full e-flex e-con e-child\" data-id=\"de4702c\" data-element_type=\"container\">\n\t\t\t\t\t\t\t<h2 class=\"e-a3d1868-ad75cd9 e-heading-base\"  >\n\t\t\tVenez nous Voir\n\t\t<\/h2>\n\t\t\t\t<\/div>\n\t\t<div class=\"elementor-element elementor-element-6cd85c7 e-con-full e-flex e-con e-child\" data-id=\"6cd85c7\" data-element_type=\"container\">\n\t\t\t\t\t\t\t<h2 class=\"e-dc9fa1f-15abe33 e-heading-base\"  >\n\t\t\t+225 27 22 21 37 87 \/ 07 09 10 05 62\n\t\t<\/h2>\n\t\t\t\t<\/div>\n\t\t<div class=\"elementor-element elementor-element-a87b70e e-con-full e-flex e-con e-child\" data-id=\"a87b70e\" data-element_type=\"container\">\n\t\t\t\t\t\t\t<h2 class=\"e-cfe40c0-fb71ce7 e-heading-base\"  >\n\t\t\tcontact@mnkmultiservicesgroup.com\n\t\t<\/h2>\n\t\t\t\t<\/div>\n\t\t<div class=\"elementor-element elementor-element-f92b6f0 e-con-full e-flex e-con e-child\" data-id=\"f92b6f0\" data-element_type=\"container\">\n\t\t\t\t\t\t\t<h2 class=\"e-09511ea-919aeb4 e-heading-base\"  >\n\t\t\tLot 786 Ilot 75 Angr\u00e9 Petro Ivoire, Cocody, Abidjan\n\t\t<\/h2>\n\t\t\t\t<\/div>\n\t\t\t\t<\/div>\n\t\t\t\t\t<\/div>\n\t\t\t\t<\/div>\n\t\t<div class=\"elementor-element elementor-element-2aa93cf e-flex e-con-boxed e-con e-parent\" data-id=\"2aa93cf\" data-element_type=\"container\">\n\t\t\t\t\t<div class=\"e-con-inner\">\n\t\t\t\t\t\t\t<h2 class=\"e-heading-base\"  >\n\t\t\t.\n\t\t<\/h2>\n\t\t\t\t\t<\/div>\n\t\t\t\t<\/div>\n\t\t\t\t<\/div>\n\t\t","protected":false},"excerpt":{"rendered":"<p>MNK MultiServices Group: Votre Partenaire d&#039;Innovation ! Chez MNK-MultiServices Group, on met l&#039;innovation au service de vos ambitions! Que ce soit pour des transactions ultra-rapides, des voyages de r\u00eave, une visibilit\u00e9 au top, des solutions informatiques b\u00e9ton ou des \u00e9v\u00e9nements inoubliables, on est l\u00e0 pour vous. On d\u00e9veloppe des activit\u00e9s qui g\u00e9n\u00e8rent de la valeur<\/p>\n<div class=\"more-link\">\n             <a href=\"https:\/\/www.mnkmultiservicesgroup.com\/index.php\/a-propos\/\" class=\"link-btn\"><span>Continue Reading <\/span><i class=\"icofont-thin-double-right\"><\/i><\/a>\n        <\/div>\n","protected":false},"author":1,"featured_media":0,"parent":0,"menu_order":0,"comment_status":"closed","ping_status":"closed","template":"","meta":{"footnotes":""},"class_list":["post-27","page","type-page","status-publish","hentry"],"_links":{"self":[{"href":"https:\/\/www.mnkmultiservicesgroup.com\/index.php\/wp-json\/wp\/v2\/pages\/27","targetHints":{"allow":["GET"]}}],"collection":[{"href":"https:\/\/www.mnkmultiservicesgroup.com\/index.php\/wp-json\/wp\/v2\/pages"}],"about":[{"href":"https:\/\/www.mnkmultiservicesgroup.com\/index.php\/wp-json\/wp\/v2\/types\/page"}],"author":[{"embeddable":true,"href":"https:\/\/www.mnkmultiservicesgroup.com\/index.php\/wp-json\/wp\/v2\/users\/1"}],"replies":[{"embeddable":true,"href":"https:\/\/www.mnkmultiservicesgroup.com\/index.php\/wp-json\/wp\/v2\/comments?post=27"}],"version-history":[{"count":103,"href":"https:\/\/www.mnkmultiservicesgroup.com\/index.php\/wp-json\/wp\/v2\/pages\/27\/revisions"}],"predecessor-version":[{"id":390,"href":"https:\/\/www.mnkmultiservicesgroup.com\/index.php\/wp-json\/wp\/v2\/pages\/27\/revisions\/390"}],"wp:attachment":[{"href":"https:\/\/www.mnkmultiservicesgroup.com\/index.php\/wp-json\/wp\/v2\/media?parent=27"}],"curies":[{"name":"wp","href":"https:\/\/api.w.org\/{rel}","templated":true}]}}